{"id":751,"date":"2025-08-02T21:52:33","date_gmt":"2025-08-02T21:52:33","guid":{"rendered":"https:\/\/alexgrup.md\/index.php\/product\/lopata-de-zapada-nr-2-cu-lama-de-aluminiu-480x580mm\/"},"modified":"2025-08-02T21:52:33","modified_gmt":"2025-08-02T21:52:33","slug":"lopata-de-zapada-nr-2-cu-lama-de-aluminiu-480x580mm","status":"publish","type":"product","link":"https:\/\/alexgrup.md\/ru\/product\/lopata-de-zapada-nr-2-cu-lama-de-aluminiu-480x580mm\/","title":{"rendered":"Lopat\u0103 de z\u0103pad\u0103 nr. 2, cu lam\u0103 de aluminiu 480x580mm"},"content":{"rendered":"","protected":false},"excerpt":{"rendered":"","protected":false},"featured_media":0,"template":"","meta":[],"product_brand":[],"product_cat":[83],"product_tag":[],"class_list":{"0":"post-751","1":"product","2":"type-product","3":"status-publish","5":"product_cat-grad-ii","7":"first","8":"instock","9":"shipping-taxable","10":"purchasable","11":"product-type-simple"},"_links":{"self":[{"href":"https:\/\/alexgrup.md\/ru\/wp-json\/wp\/v2\/product\/751","targetHints":{"allow":["GET"]}}],"collection":[{"href":"https:\/\/alexgrup.md\/ru\/wp-json\/wp\/v2\/product"}],"about":[{"href":"https:\/\/alexgrup.md\/ru\/wp-json\/wp\/v2\/types\/product"}],"wp:attachment":[{"href":"https:\/\/alexgrup.md\/ru\/wp-json\/wp\/v2\/media?parent=751"}],"wp:term":[{"taxonomy":"product_brand","embeddable":true,"href":"https:\/\/alexgrup.md\/ru\/wp-json\/wp\/v2\/product_brand?post=751"},{"taxonomy":"product_cat","embeddable":true,"href":"https:\/\/alexgrup.md\/ru\/wp-json\/wp\/v2\/product_cat?post=751"},{"taxonomy":"product_tag","embeddable":true,"href":"https:\/\/alexgrup.md\/ru\/wp-json\/wp\/v2\/product_tag?post=751"}],"curies":[{"name":"wp","href":"https:\/\/api.w.org\/{rel}","templated":true}]}}