{"id":744,"date":"2025-08-02T21:52:30","date_gmt":"2025-08-02T21:52:30","guid":{"rendered":"https:\/\/alexgrup.md\/index.php\/product\/galeata-cu-maner-din-plastic-4-5l-calitate-secundara\/"},"modified":"2025-11-21T18:26:52","modified_gmt":"2025-11-21T18:26:52","slug":"galeata-cu-maner-din-plastic-4-5l-calitate-secundara","status":"publish","type":"product","link":"https:\/\/alexgrup.md\/ru\/product\/galeata-cu-maner-din-plastic-4-5l-calitate-secundara\/","title":{"rendered":"G\u0103leat\u0103 cu m\u00e2ner din plastic 4.5L (calitate secundar\u0103)"},"content":{"rendered":"","protected":false},"excerpt":{"rendered":"","protected":false},"featured_media":0,"template":"","meta":[],"product_brand":[],"product_cat":[86,83],"product_tag":[],"class_list":{"0":"post-744","1":"product","2":"type-product","3":"status-publish","5":"product_cat-galeti-si-bidoane","6":"product_cat-grad-ii","8":"first","9":"instock","10":"shipping-taxable","11":"purchasable","12":"product-type-simple"},"_links":{"self":[{"href":"https:\/\/alexgrup.md\/ru\/wp-json\/wp\/v2\/product\/744","targetHints":{"allow":["GET"]}}],"collection":[{"href":"https:\/\/alexgrup.md\/ru\/wp-json\/wp\/v2\/product"}],"about":[{"href":"https:\/\/alexgrup.md\/ru\/wp-json\/wp\/v2\/types\/product"}],"wp:attachment":[{"href":"https:\/\/alexgrup.md\/ru\/wp-json\/wp\/v2\/media?parent=744"}],"wp:term":[{"taxonomy":"product_brand","embeddable":true,"href":"https:\/\/alexgrup.md\/ru\/wp-json\/wp\/v2\/product_brand?post=744"},{"taxonomy":"product_cat","embeddable":true,"href":"https:\/\/alexgrup.md\/ru\/wp-json\/wp\/v2\/product_cat?post=744"},{"taxonomy":"product_tag","embeddable":true,"href":"https:\/\/alexgrup.md\/ru\/wp-json\/wp\/v2\/product_tag?post=744"}],"curies":[{"name":"wp","href":"https:\/\/api.w.org\/{rel}","templated":true}]}}