{"id":1178,"date":"2025-08-02T21:51:31","date_gmt":"2025-08-02T21:51:31","guid":{"rendered":"https:\/\/alexgrup.md\/product\/galeata-cu-maner-plastic-123-l\/"},"modified":"2025-08-02T21:51:31","modified_gmt":"2025-08-02T21:51:31","slug":"galeata-cu-maner-plastic-123-l","status":"publish","type":"product","link":"https:\/\/alexgrup.md\/ru\/product\/galeata-cu-maner-plastic-123-l\/","title":{"rendered":"G\u0103leat\u0103 cu m\u00e2ner plastic \u2013 12,3 L"},"content":{"rendered":"","protected":false},"excerpt":{"rendered":"","protected":false},"featured_media":1179,"template":"","meta":[],"product_brand":[],"product_cat":[173,161],"product_tag":[],"class_list":{"0":"post-1178","1":"product","2":"type-product","3":"status-publish","4":"has-post-thumbnail","6":"product_cat-173","7":"product_cat-articole-gospodaresti-din-plastic","9":"first","10":"instock","11":"shipping-taxable","12":"purchasable","13":"product-type-simple"},"_links":{"self":[{"href":"https:\/\/alexgrup.md\/ru\/wp-json\/wp\/v2\/product\/1178","targetHints":{"allow":["GET"]}}],"collection":[{"href":"https:\/\/alexgrup.md\/ru\/wp-json\/wp\/v2\/product"}],"about":[{"href":"https:\/\/alexgrup.md\/ru\/wp-json\/wp\/v2\/types\/product"}],"wp:featuredmedia":[{"embeddable":true,"href":"https:\/\/alexgrup.md\/ru\/wp-json\/wp\/v2\/media\/1179"}],"wp:attachment":[{"href":"https:\/\/alexgrup.md\/ru\/wp-json\/wp\/v2\/media?parent=1178"}],"wp:term":[{"taxonomy":"product_brand","embeddable":true,"href":"https:\/\/alexgrup.md\/ru\/wp-json\/wp\/v2\/product_brand?post=1178"},{"taxonomy":"product_cat","embeddable":true,"href":"https:\/\/alexgrup.md\/ru\/wp-json\/wp\/v2\/product_cat?post=1178"},{"taxonomy":"product_tag","embeddable":true,"href":"https:\/\/alexgrup.md\/ru\/wp-json\/wp\/v2\/product_tag?post=1178"}],"curies":[{"name":"wp","href":"https:\/\/api.w.org\/{rel}","templated":true}]}}