{"id":1003,"date":"2025-08-02T21:52:46","date_gmt":"2025-08-02T21:52:46","guid":{"rendered":"https:\/\/alexgrup.md\/product\/galeata-cu-capac-0-85l-transparenta\/"},"modified":"2025-08-02T21:52:46","modified_gmt":"2025-08-02T21:52:46","slug":"galeata-cu-capac-0-85l-transparenta","status":"publish","type":"product","link":"https:\/\/alexgrup.md\/ru\/product\/galeata-cu-capac-0-85l-transparenta\/","title":{"rendered":"G\u0103leat\u0103 cu capac 0.85L (transparent\u0103)"},"content":{"rendered":"","protected":false},"excerpt":{"rendered":"","protected":false},"featured_media":0,"template":"","meta":[],"product_brand":[],"product_cat":[173,171],"product_tag":[],"class_list":{"0":"post-1003","1":"product","2":"type-product","3":"status-publish","5":"product_cat-173","6":"product_cat-171","8":"first","9":"instock","10":"shipping-taxable","11":"purchasable","12":"product-type-simple"},"_links":{"self":[{"href":"https:\/\/alexgrup.md\/ru\/wp-json\/wp\/v2\/product\/1003","targetHints":{"allow":["GET"]}}],"collection":[{"href":"https:\/\/alexgrup.md\/ru\/wp-json\/wp\/v2\/product"}],"about":[{"href":"https:\/\/alexgrup.md\/ru\/wp-json\/wp\/v2\/types\/product"}],"wp:attachment":[{"href":"https:\/\/alexgrup.md\/ru\/wp-json\/wp\/v2\/media?parent=1003"}],"wp:term":[{"taxonomy":"product_brand","embeddable":true,"href":"https:\/\/alexgrup.md\/ru\/wp-json\/wp\/v2\/product_brand?post=1003"},{"taxonomy":"product_cat","embeddable":true,"href":"https:\/\/alexgrup.md\/ru\/wp-json\/wp\/v2\/product_cat?post=1003"},{"taxonomy":"product_tag","embeddable":true,"href":"https:\/\/alexgrup.md\/ru\/wp-json\/wp\/v2\/product_tag?post=1003"}],"curies":[{"name":"wp","href":"https:\/\/api.w.org\/{rel}","templated":true}]}}