{"id":1329,"date":"2022-08-18T12:02:07","date_gmt":"2022-08-18T12:02:07","guid":{"rendered":"https:\/\/alexgrup.md\/contact-us\/"},"modified":"2022-08-18T12:02:07","modified_gmt":"2022-08-18T12:02:07","slug":"contact-us","status":"publish","type":"page","link":"https:\/\/alexgrup.md\/ru\/contact-us\/","title":{"rendered":"Contacte"},"content":{"rendered":"<div class=\"wpb-content-wrapper\"><p>[vc_row full_width=&#187;stretch_row_content_no_spaces&#187; css_animation=&#187;none&#187; css=&#187;.vc_custom_1650982524276{margin-top: -40px !important;margin-bottom: 80px !important;}&#187; woodmart_css_id=&#187;6267fe721f5de&#187; responsive_spacing=&#187;eyJwYXJhbV90eXBlIjoid29vZG1hcnRfcmVzcG9uc2l2ZV9zcGFjaW5nIiwic2VsZWN0b3JfaWQiOiI2MjY3ZmU3MjFmNWRlIiwic2hvcnRjb2RlIjoidmNfcm93IiwiZGF0YSI6eyJ0YWJsZXQiOnsibWFyZ2luLWJvdHRvbSI6IjYwcHgifSwibW9iaWxlIjp7Im1hcmdpbi1ib3R0b20iOiI0MCJ9fX0=&#187; mobile_bg_img_hidden=&#187;no&#187; tablet_bg_img_hidden=&#187;no&#187; woodmart_parallax=&#187;0&#8243; woodmart_gradient_switch=&#187;no&#187; woodmart_box_shadow=&#187;no&#187; wd_z_index=&#187;no&#187; woodmart_disable_overflow=&#187;0&#8243; row_reverse_mobile=&#187;0&#8243; row_reverse_tablet=&#187;0&#8243;][vc_column]\t\t\t<div class=\"google-map-container wd-map-container   map-container-with-content wd-rs-69bf8af276300\" style=\"\" data-map-args='{&quot;multiple_markers&quot;:&quot;no&quot;,&quot;latitude&quot;:&quot;47.024148&quot;,&quot;longitude&quot;:&quot;28.886617&quot;,&quot;zoom&quot;:&quot;15&quot;,&quot;mouse_zoom&quot;:&quot;no&quot;,&quot;init_type&quot;:&quot;page_load&quot;,&quot;init_offset&quot;:&quot;100&quot;,&quot;elementor&quot;:false,&quot;json_style&quot;:&quot;&quot;,&quot;marker_icon&quot;:&quot;https:\\\/\\\/alexgrup.md\\\/wp-content\\\/uploads\\\/2022\\\/09\\\/map-point.svg&quot;,&quot;marker_icon_size&quot;:[80,80],&quot;marker_text_needed&quot;:&quot;no&quot;,&quot;marker_text&quot;:&quot;&lt;h3 style=\\&quot;min-width:300px; text-align:center; margin:15px;\\&quot;&gt;&lt;\\\/h3&gt;&quot;,&quot;selector&quot;:&quot;wd-map-id-69f27586e1b07&quot;,&quot;markers&quot;:&quot;&quot;,&quot;center&quot;:&quot;&quot;}'>\n\t\t\t\t\n\t\t\t\t\n\t\t\t\t<div class=\"wd-google-map-wrapper wd-map-wrapper wd-fill\">\n\t\t\t\t\t<div id=\"wd-map-id-69f27586e1b07\" class=\"wd-google-map without-content wd-fill\"><\/div>\n\t\t\t\t<\/div>\n\n\t\t\t\t\t\t\t\t\t<div class=\"wd-google-map-content-wrap wd-map-content-wrap wd-items-middle wd-justify-left\">\n\t\t\t\t\t\t<div class=\"wd-google-map-content wd-map-content reset-last-child\" style=\"max-width: 340px;\">\n\t\t\t\t\t\t\t\t\t\t<div class=\"info-box-wrapper\">\n\t\t\t\t<div id=\"wd-69bf8e776c5b4\" class=\" wd-rs-69bf8e776c5b4 wd-info-box wd-wpb text-left box-icon-align-left box-style- color-scheme- wd-bg-none wd-items-top with-btn box-btn-static vc_custom_1774161536248\">\n\t\t\t\t\t\t\t\t\t\t<div class=\"info-box-content\">\n\t\t\t\t\t\t<div class=\"info-box-subtitle subtitle-color-primary wd-fontsize-xs subtitle-style-default wd-font-weight-600 font-primary\">Locatia noastra<\/div><h4 class=\"info-box-title title box-title-style-default wd-fontsize-m\">Oficiu &amp; Producerea<\/h4>\t\t\t\t\t\t<div class=\"info-box-inner reset-last-child\"><p>Strada Me\u0219terul Manole 12,<br \/>\nMD-2044, Chi\u0219in\u0103u<\/p>\n<p><a href=\"tel:+37369753264\">069753264<\/a><\/p>\n<\/div>\n\n\t\t\t\t\t\t<div class=\"info-btn-wrapper\"><div id=\"wd-69f27586e2f5f\" class=\"  wd-button-wrapper text-left\"><a href=\"https:\/\/maps.app.goo.gl\/ogH6XvC543oKY5RK7\" title=\"\" target=\"_blank\" class=\"btn btn-color-primary btn-style-link btn-shape-rectangle btn-size-default\">Vezi Directia<\/a><\/div><\/div>\t\t\t\t\t<\/div>\n\n\t\t\t\t\t\n\t\t\t\t\t\t\t\t\t<\/div>\n\t\t\t<\/div>\n\t\t\t\t\t\t\t\t<\/div>\n\t\t\t\t\t<\/div>\n\t\t\t\t\t\t\t<\/div>\n\t\t[\/vc_column][\/vc_row][vc_row equal_height=&#187;yes&#187; css_animation=&#187;none&#187; css=&#187;.vc_custom_1496926452255{margin-right: -50px !important;margin-left: -50px !important;}&#187;][vc_column css=&#187;.vc_custom_1496927710186{border-right-width: 1px !important;padding-top: 20px !important;padding-right: 50px !important;padding-bottom: 10px !important;padding-left: 50px !important;border-right-color: #e8e8e8 !important;border-right-style: solid !important;}&#187; offset=&#187;vc_col-lg-6 vc_col-md-6&#8243;]\n\t\t<div id=\"wd-69bf8ef09533f\" class=\"title-wrapper wd-wpb wd-set-mb reset-last-child  wd-rs-69bf8ef09533f wd-title-color-default wd-title-style-default text-left  wd-underline-colored\">\n\t\t\t\t\t\t\t\n\t\t\t\t<div class=\"title-subtitle  subtitle-color-default font-alt subtitle-style-default wd-font-weight-600 wd-fontsize-xs\">Informatii <\/div>\n\t\t\t\n\t\t\t<div class=\"liner-continer\">\n\t\t\t\t<h4 class=\"woodmart-title-container title  wd-font-weight- wd-fontsize-xl\" >\u00centreb\u0103ri frecvente<\/h4>\n\t\t\t\t\t\t\t<\/div>\n\t\t\t\n\t\t\t\n\t\t\t\n\t\t<\/div>\n\t\t\n\t\t\n\t\t<div id=\"wd-626fd93479672\" class=\"wd-accordion wd-wpb wd-rs-626fd93479672  wd-style-default wd-titles-left wd-opener-pos-right wd-opener-style-arrow\" data-state=\"first\">\n\t\t\t\t\t\t\t\n\t\t\t\t\n\t\t\t\t<div class=\"wd-accordion-item\">\n\t\t\t\t\t<div class=\"wd-accordion-title wd-active font-text wd-fontsize-s wd-font-weight-600\" data-accordion-index=\"0\">\n\t\t\t\t\t\t<div class=\"wd-accordion-title-text\">\n\t\t\t\t\t\t\t\t\t\t\t\t\t\t<span>\n\t\t\t\t\t\t\t\tCe tipuri de produse ofer\u0103 ALEXGRUP?\t\t\t\t\t\t\t<\/span>\n\t\t\t\t\t\t<\/div>\n\t\t\t\t\t\t<span class=\"wd-accordion-opener\"><\/span>\n\t\t\t\t\t<\/div>\n\n\t\t\t\t\t<div class=\"wd-accordion-content wd-entry-content wd-active\" data-accordion-index=\"0\">\n\t\t\t\t\t\t\t\t\t\t\t\t\t\n<p data-start=\"139\" data-end=\"310\">Oferim o gam\u0103 variat\u0103 de produse din plastic pentru uz casnic \u0219i profesional, inclusiv g\u0103le\u021bi, bazine, ghivece, recipiente pentru depozitare \u0219i articole pentru gr\u0103din\u0103rit.<\/p>\n<h3 data-section-id=\"1c8hhra\" data-start=\"312\" data-end=\"370\"><\/h3>\n\t\t\t\t\t\t\t\t\t\t\t<\/div>\n\t\t\t\t<\/div>\n\t\t\t\t\t\t\t\n\t\t\t\t\n\t\t\t\t<div class=\"wd-accordion-item\">\n\t\t\t\t\t<div class=\"wd-accordion-title font-text wd-fontsize-s wd-font-weight-600\" data-accordion-index=\"1\">\n\t\t\t\t\t\t<div class=\"wd-accordion-title-text\">\n\t\t\t\t\t\t\t\t\t\t\t\t\t\t<span>\n\t\t\t\t\t\t\t\tProdusele sunt potrivite pentru uz alimentar?\t\t\t\t\t\t\t<\/span>\n\t\t\t\t\t\t<\/div>\n\t\t\t\t\t\t<span class=\"wd-accordion-opener\"><\/span>\n\t\t\t\t\t<\/div>\n\n\t\t\t\t\t<div class=\"wd-accordion-content wd-entry-content\" data-accordion-index=\"1\">\n\t\t\t\t\t\t\t\t\t\t\t\t\t\n<p data-start=\"371\" data-end=\"537\">Da, o parte din produsele noastre sunt fabricate din materiale sigure pentru contact alimentar. Verific\u0103 descrierea fiec\u0103rui produs sau contacteaz\u0103-ne pentru detalii.<\/p>\n\t\t\t\t\t\t\t\t\t\t\t<\/div>\n\t\t\t\t<\/div>\n\t\t\t\t\t\t\t\n\t\t\t\t\n\t\t\t\t<div class=\"wd-accordion-item\">\n\t\t\t\t\t<div class=\"wd-accordion-title font-text wd-fontsize-s wd-font-weight-600\" data-accordion-index=\"2\">\n\t\t\t\t\t\t<div class=\"wd-accordion-title-text\">\n\t\t\t\t\t\t\t\t\t\t\t\t\t\t<span>\n\t\t\t\t\t\t\t\tSe pot face comenzi en-gros (wholesale)?\t\t\t\t\t\t\t<\/span>\n\t\t\t\t\t\t<\/div>\n\t\t\t\t\t\t<span class=\"wd-accordion-opener\"><\/span>\n\t\t\t\t\t<\/div>\n\n\t\t\t\t\t<div class=\"wd-accordion-content wd-entry-content\" data-accordion-index=\"2\">\n\t\t\t\t\t\t\t\t\t\t\t\t\t<p>Da, oferim posibilitatea de achizi\u021bie en-gros pentru parteneri \u0219i distribuitori. Pentru oferte personalizate, te rug\u0103m s\u0103 ne contactezi direct.<\/p>\n\t\t\t\t\t\t\t\t\t\t\t<\/div>\n\t\t\t\t<\/div>\n\t\t\t\t\t\t\t\n\t\t\t\t\n\t\t\t\t<div class=\"wd-accordion-item\">\n\t\t\t\t\t<div class=\"wd-accordion-title font-text wd-fontsize-s wd-font-weight-600\" data-accordion-index=\"3\">\n\t\t\t\t\t\t<div class=\"wd-accordion-title-text\">\n\t\t\t\t\t\t\t\t\t\t\t\t\t\t<span>\n\t\t\t\t\t\t\t\t\u00cen c\u00e2t timp este livrat\u0103 comanda?\t\t\t\t\t\t\t<\/span>\n\t\t\t\t\t\t<\/div>\n\t\t\t\t\t\t<span class=\"wd-accordion-opener\"><\/span>\n\t\t\t\t\t<\/div>\n\n\t\t\t\t\t<div class=\"wd-accordion-content wd-entry-content\" data-accordion-index=\"3\">\n\t\t\t\t\t\t\t\t\t\t\t\t\t\n<p data-start=\"785\" data-end=\"911\">Comenzile sunt procesate rapid \u0219i livrate \u00een cel mai scurt timp posibil, \u00een func\u021bie de loca\u021bie \u0219i disponibilitatea produselor.<\/p>\n\t\t\t\t\t\t\t\t\t\t\t<\/div>\n\t\t\t\t<\/div>\n\t\t\t\t\t\t\t\t\t\t\t\t\t\t<\/div>\n\n\t\t[\/vc_column][vc_column css=&#187;.vc_custom_1496927688909{padding-top: 20px !important;padding-right: 50px !important;padding-bottom: 10px !important;padding-left: 50px !important;}&#187; offset=&#187;vc_col-lg-6 vc_col-md-6&#8243;]\n\t\t<div id=\"wd-69bf8f71ec52d\" class=\"title-wrapper wd-wpb wd-set-mb reset-last-child  wd-rs-69bf8f71ec52d wd-title-color-default wd-title-style-default text-left  wd-underline-colored\">\n\t\t\t\t\t\t\t\n\t\t\t\t<div class=\"title-subtitle  subtitle-color-default font-alt subtitle-style-default wd-font-weight-600 wd-fontsize-xs\">Informa\u021bii<\/div>\n\t\t\t\n\t\t\t<div class=\"liner-continer\">\n\t\t\t\t<h4 class=\"woodmart-title-container title  wd-font-weight- wd-fontsize-xl\" >Contacteaz\u0103-ne pentru orice \u00eentreb\u0103ri<\/h4>\n\t\t\t\t\t\t\t<\/div>\n\t\t\t\n\t\t\t\n\t\t\t\n\t\t<\/div>\n\t\t\n\t\t\t\t\t\t\t<div class=\"wd-cf7 wd-wpb wd-rs-678e62a588e9a\">\n\t\t\t\t\n<div class=\"wpcf7 no-js\" id=\"wpcf7-f450-o1\" lang=\"ro-RO\" dir=\"ltr\" data-wpcf7-id=\"450\">\n<div class=\"screen-reader-response\"><p role=\"status\" aria-live=\"polite\" aria-atomic=\"true\"><\/p> <ul><\/ul><\/div>\n<form action=\"\/ru\/wp-json\/wp\/v2\/pages\/1329#wpcf7-f450-o1\" method=\"post\" class=\"wpcf7-form init\" aria-label=\"Formular de contact\" novalidate=\"novalidate\" data-status=\"init\">\n<fieldset class=\"hidden-fields-container\"><input type=\"hidden\" name=\"_wpcf7\" value=\"450\" \/><input type=\"hidden\" name=\"_wpcf7_version\" value=\"6.1.5\" \/><input type=\"hidden\" name=\"_wpcf7_locale\" value=\"ro_RO\" \/><input type=\"hidden\" name=\"_wpcf7_unit_tag\" value=\"wpcf7-f450-o1\" \/><input type=\"hidden\" name=\"_wpcf7_container_post\" value=\"0\" \/><input type=\"hidden\" name=\"_wpcf7_posted_data_hash\" value=\"\" \/>\n<\/fieldset>\n<div class=\"wd-grid-g\">\n\t<div class=\"wd-grid-f-stretch\" style=\"--wd-gap-lg: 30px;--wd-gap-sm: 20px\">\n\t\t<p class=\"wd-col\"><label>Your Name<\/label><span class=\"wpcf7-form-control-wrap\" data-name=\"your-name\"><input size=\"40\" maxlength=\"400\" class=\"wpcf7-form-control wpcf7-text wpcf7-validates-as-required\" aria-required=\"true\" aria-invalid=\"false\" value=\"\" type=\"text\" name=\"your-name\" \/><\/span>\n\t\t<\/p>\n\t\t<p class=\"wd-col\"><label>Your Email<\/label><span class=\"wpcf7-form-control-wrap\" data-name=\"your-email\"><input size=\"40\" maxlength=\"400\" class=\"wpcf7-form-control wpcf7-email wpcf7-validates-as-required wpcf7-text wpcf7-validates-as-email\" aria-required=\"true\" aria-invalid=\"false\" value=\"\" type=\"email\" name=\"your-email\" \/><\/span>\n\t\t<\/p>\n\t<\/div>\n\t<div class=\"wd-grid-f-stretch\" style=\"--wd-gap-lg: 30px;--wd-gap-sm: 20px\">\n\t\t<p class=\"wd-col\"><label>Phone Number<\/label><span class=\"wpcf7-form-control-wrap\" data-name=\"tel-767\"><input size=\"40\" maxlength=\"400\" class=\"wpcf7-form-control wpcf7-tel wpcf7-text wpcf7-validates-as-tel\" aria-invalid=\"false\" value=\"\" type=\"tel\" name=\"tel-767\" \/><\/span>\n\t\t<\/p>\n\t\t<p class=\"wd-col\"><label>Company<\/label><span class=\"wpcf7-form-control-wrap\" data-name=\"text-1\"><input size=\"40\" maxlength=\"400\" class=\"wpcf7-form-control wpcf7-text\" aria-invalid=\"false\" value=\"\" type=\"text\" name=\"text-1\" \/><\/span>\n\t\t<\/p>\n\t<\/div>\n\t<p><label>Your Message<\/label><span class=\"wpcf7-form-control-wrap\" data-name=\"your-message\"><textarea cols=\"40\" rows=\"10\" maxlength=\"2000\" class=\"wpcf7-form-control wpcf7-textarea\" aria-invalid=\"false\" name=\"your-message\"><\/textarea><\/span>\n\t<\/p>\n\t<p><input class=\"wpcf7-form-control wpcf7-submit has-spinner btn-color-black\" type=\"submit\" value=\"ASK A QUESTION\" \/>\n\t<\/p>\n<\/div><div class=\"wpcf7-response-output\" aria-hidden=\"true\"><\/div>\n<\/form>\n<\/div>\n\t\t\t<\/div>\n\t\t\t\t[\/vc_column][\/vc_row]<\/p>\n<\/div>","protected":false},"excerpt":{"rendered":"<p>[vc_row full_width=&#187;stretch_row_content_no_spaces&#187; css_animation=&#187;none&#187; css=&#187;.vc_custom_1650982524276{margin-top: -40px !important;margin-bottom: 80px !important;}&#187; woodmart_css_id=&#187;6267fe721f5de&#187; responsive_spacing=&#187;eyJwYXJhbV90eXBlIjoid29vZG1hcnRfcmVzcG9uc2l2ZV9zcGFjaW5nIiwic2VsZWN0b3JfaWQiOiI2MjY3ZmU3MjFmNWRlIiwic2hvcnRjb2RlIjoidmNfcm93IiwiZGF0YSI6eyJ0YWJsZXQiOnsibWFyZ2luLWJvdHRvbSI6IjYwcHgifSwibW9iaWxlIjp7Im1hcmdpbi1ib3R0b20iOiI0MCJ9fX0=&#187; mobile_bg_img_hidden=&#187;no&#187; tablet_bg_img_hidden=&#187;no&#187; woodmart_parallax=&#187;0&#8243; woodmart_gradient_switch=&#187;no&#187; woodmart_box_shadow=&#187;no&#187; wd_z_index=&#187;no&#187; woodmart_disable_overflow=&#187;0&#8243; row_reverse_mobile=&#187;0&#8243; row_reverse_tablet=&#187;0&#8243;][vc_column][\/vc_column][\/vc_row][vc_row equal_height=&#187;yes&#187;<\/p>\n","protected":false},"author":1,"featured_media":0,"parent":0,"menu_order":0,"comment_status":"closed","ping_status":"closed","template":"","meta":{"footnotes":""},"class_list":["post-1329","page","type-page","status-publish","hentry"],"yoast_head":"<!-- This site is optimized with the Yoast SEO plugin v27.4 - https:\/\/yoast.com\/product\/yoast-seo-wordpress\/ -->\n<title>Contacte - AlexGrup<\/title>\n<meta name=\"robots\" content=\"index, follow, max-snippet:-1, max-image-preview:large, max-video-preview:-1\" \/>\n<link rel=\"canonical\" href=\"https:\/\/alexgrup.md\/ru\/contact-us\/\" \/>\n<meta property=\"og:locale\" content=\"ru_RU\" \/>\n<meta property=\"og:type\" content=\"article\" \/>\n<meta property=\"og:title\" content=\"Contacte - AlexGrup\" \/>\n<meta property=\"og:description\" content=\"[vc_row full_width=&#187;stretch_row_content_no_spaces&#187; css_animation=&#187;none&#187; css=&#187;.vc_custom_1650982524276{margin-top: -40px !important;margin-bottom: 80px !important;}&#187; woodmart_css_id=&#187;6267fe721f5de&#187; responsive_spacing=&#187;eyJwYXJhbV90eXBlIjoid29vZG1hcnRfcmVzcG9uc2l2ZV9zcGFjaW5nIiwic2VsZWN0b3JfaWQiOiI2MjY3ZmU3MjFmNWRlIiwic2hvcnRjb2RlIjoidmNfcm93IiwiZGF0YSI6eyJ0YWJsZXQiOnsibWFyZ2luLWJvdHRvbSI6IjYwcHgifSwibW9iaWxlIjp7Im1hcmdpbi1ib3R0b20iOiI0MCJ9fX0=&#187; mobile_bg_img_hidden=&#187;no&#187; tablet_bg_img_hidden=&#187;no&#187; woodmart_parallax=&#187;0&#8243; woodmart_gradient_switch=&#187;no&#187; woodmart_box_shadow=&#187;no&#187; wd_z_index=&#187;no&#187; woodmart_disable_overflow=&#187;0&#8243; row_reverse_mobile=&#187;0&#8243; row_reverse_tablet=&#187;0&#8243;][vc_column][\/vc_column][\/vc_row][vc_row equal_height=&#187;yes&#187;\" \/>\n<meta property=\"og:url\" content=\"https:\/\/alexgrup.md\/ru\/contact-us\/\" \/>\n<meta property=\"og:site_name\" content=\"AlexGrup\" \/>\n<meta name=\"twitter:card\" content=\"summary_large_image\" \/>\n<meta name=\"twitter:label1\" content=\"\u041f\u0440\u0438\u043c\u0435\u0440\u043d\u043e\u0435 \u0432\u0440\u0435\u043c\u044f \u0434\u043b\u044f \u0447\u0442\u0435\u043d\u0438\u044f\" \/>\n\t<meta name=\"twitter:data1\" content=\"4 \u043c\u0438\u043d\u0443\u0442\u044b\" \/>\n<script type=\"application\/ld+json\" class=\"yoast-schema-graph\">{\"@context\":\"https:\\\/\\\/schema.org\",\"@graph\":[{\"@type\":\"WebPage\",\"@id\":\"https:\\\/\\\/alexgrup.md\\\/ru\\\/contact-us\\\/\",\"url\":\"https:\\\/\\\/alexgrup.md\\\/ru\\\/contact-us\\\/\",\"name\":\"Contacte - AlexGrup\",\"isPartOf\":{\"@id\":\"https:\\\/\\\/alexgrup.md\\\/ru\\\/#website\"},\"datePublished\":\"2022-08-18T12:02:07+00:00\",\"breadcrumb\":{\"@id\":\"https:\\\/\\\/alexgrup.md\\\/ru\\\/contact-us\\\/#breadcrumb\"},\"inLanguage\":\"ru-RU\",\"potentialAction\":[{\"@type\":\"ReadAction\",\"target\":[\"https:\\\/\\\/alexgrup.md\\\/ru\\\/contact-us\\\/\"]}]},{\"@type\":\"BreadcrumbList\",\"@id\":\"https:\\\/\\\/alexgrup.md\\\/ru\\\/contact-us\\\/#breadcrumb\",\"itemListElement\":[{\"@type\":\"ListItem\",\"position\":1,\"name\":\"Home\",\"item\":\"https:\\\/\\\/alexgrup.md\\\/ru\\\/\"},{\"@type\":\"ListItem\",\"position\":2,\"name\":\"Contacte\"}]},{\"@type\":\"WebSite\",\"@id\":\"https:\\\/\\\/alexgrup.md\\\/ru\\\/#website\",\"url\":\"https:\\\/\\\/alexgrup.md\\\/ru\\\/\",\"name\":\"AlexGrup\",\"description\":\"\",\"publisher\":{\"@id\":\"https:\\\/\\\/alexgrup.md\\\/ru\\\/#organization\"},\"potentialAction\":[{\"@type\":\"SearchAction\",\"target\":{\"@type\":\"EntryPoint\",\"urlTemplate\":\"https:\\\/\\\/alexgrup.md\\\/ru\\\/?s={search_term_string}\"},\"query-input\":{\"@type\":\"PropertyValueSpecification\",\"valueRequired\":true,\"valueName\":\"search_term_string\"}}],\"inLanguage\":\"ru-RU\"},{\"@type\":\"Organization\",\"@id\":\"https:\\\/\\\/alexgrup.md\\\/ru\\\/#organization\",\"name\":\"AlexGrup S.R.L\",\"url\":\"https:\\\/\\\/alexgrup.md\\\/ru\\\/\",\"logo\":{\"@type\":\"ImageObject\",\"inLanguage\":\"ru-RU\",\"@id\":\"https:\\\/\\\/alexgrup.md\\\/ru\\\/#\\\/schema\\\/logo\\\/image\\\/\",\"url\":\"https:\\\/\\\/alexgrup.md\\\/wp-content\\\/uploads\\\/2025\\\/08\\\/logo.png\",\"contentUrl\":\"https:\\\/\\\/alexgrup.md\\\/wp-content\\\/uploads\\\/2025\\\/08\\\/logo.png\",\"width\":278,\"height\":42,\"caption\":\"AlexGrup S.R.L\"},\"image\":{\"@id\":\"https:\\\/\\\/alexgrup.md\\\/ru\\\/#\\\/schema\\\/logo\\\/image\\\/\"}}]}<\/script>\n<!-- \/ Yoast SEO plugin. -->","yoast_head_json":{"title":"Contacte - AlexGrup","robots":{"index":"index","follow":"follow","max-snippet":"max-snippet:-1","max-image-preview":"max-image-preview:large","max-video-preview":"max-video-preview:-1"},"canonical":"https:\/\/alexgrup.md\/ru\/contact-us\/","og_locale":"ru_RU","og_type":"article","og_title":"Contacte - AlexGrup","og_description":"[vc_row full_width=&#187;stretch_row_content_no_spaces&#187; css_animation=&#187;none&#187; css=&#187;.vc_custom_1650982524276{margin-top: -40px !important;margin-bottom: 80px !important;}&#187; woodmart_css_id=&#187;6267fe721f5de&#187; responsive_spacing=&#187;eyJwYXJhbV90eXBlIjoid29vZG1hcnRfcmVzcG9uc2l2ZV9zcGFjaW5nIiwic2VsZWN0b3JfaWQiOiI2MjY3ZmU3MjFmNWRlIiwic2hvcnRjb2RlIjoidmNfcm93IiwiZGF0YSI6eyJ0YWJsZXQiOnsibWFyZ2luLWJvdHRvbSI6IjYwcHgifSwibW9iaWxlIjp7Im1hcmdpbi1ib3R0b20iOiI0MCJ9fX0=&#187; mobile_bg_img_hidden=&#187;no&#187; tablet_bg_img_hidden=&#187;no&#187; woodmart_parallax=&#187;0&#8243; woodmart_gradient_switch=&#187;no&#187; woodmart_box_shadow=&#187;no&#187; wd_z_index=&#187;no&#187; woodmart_disable_overflow=&#187;0&#8243; row_reverse_mobile=&#187;0&#8243; row_reverse_tablet=&#187;0&#8243;][vc_column][\/vc_column][\/vc_row][vc_row equal_height=&#187;yes&#187;","og_url":"https:\/\/alexgrup.md\/ru\/contact-us\/","og_site_name":"AlexGrup","twitter_card":"summary_large_image","twitter_misc":{"\u041f\u0440\u0438\u043c\u0435\u0440\u043d\u043e\u0435 \u0432\u0440\u0435\u043c\u044f \u0434\u043b\u044f \u0447\u0442\u0435\u043d\u0438\u044f":"4 \u043c\u0438\u043d\u0443\u0442\u044b"},"schema":{"@context":"https:\/\/schema.org","@graph":[{"@type":"WebPage","@id":"https:\/\/alexgrup.md\/ru\/contact-us\/","url":"https:\/\/alexgrup.md\/ru\/contact-us\/","name":"Contacte - AlexGrup","isPartOf":{"@id":"https:\/\/alexgrup.md\/ru\/#website"},"datePublished":"2022-08-18T12:02:07+00:00","breadcrumb":{"@id":"https:\/\/alexgrup.md\/ru\/contact-us\/#breadcrumb"},"inLanguage":"ru-RU","potentialAction":[{"@type":"ReadAction","target":["https:\/\/alexgrup.md\/ru\/contact-us\/"]}]},{"@type":"BreadcrumbList","@id":"https:\/\/alexgrup.md\/ru\/contact-us\/#breadcrumb","itemListElement":[{"@type":"ListItem","position":1,"name":"Home","item":"https:\/\/alexgrup.md\/ru\/"},{"@type":"ListItem","position":2,"name":"Contacte"}]},{"@type":"WebSite","@id":"https:\/\/alexgrup.md\/ru\/#website","url":"https:\/\/alexgrup.md\/ru\/","name":"AlexGrup","description":"","publisher":{"@id":"https:\/\/alexgrup.md\/ru\/#organization"},"potentialAction":[{"@type":"SearchAction","target":{"@type":"EntryPoint","urlTemplate":"https:\/\/alexgrup.md\/ru\/?s={search_term_string}"},"query-input":{"@type":"PropertyValueSpecification","valueRequired":true,"valueName":"search_term_string"}}],"inLanguage":"ru-RU"},{"@type":"Organization","@id":"https:\/\/alexgrup.md\/ru\/#organization","name":"AlexGrup S.R.L","url":"https:\/\/alexgrup.md\/ru\/","logo":{"@type":"ImageObject","inLanguage":"ru-RU","@id":"https:\/\/alexgrup.md\/ru\/#\/schema\/logo\/image\/","url":"https:\/\/alexgrup.md\/wp-content\/uploads\/2025\/08\/logo.png","contentUrl":"https:\/\/alexgrup.md\/wp-content\/uploads\/2025\/08\/logo.png","width":278,"height":42,"caption":"AlexGrup S.R.L"},"image":{"@id":"https:\/\/alexgrup.md\/ru\/#\/schema\/logo\/image\/"}}]}},"_links":{"self":[{"href":"https:\/\/alexgrup.md\/ru\/wp-json\/wp\/v2\/pages\/1329","targetHints":{"allow":["GET"]}}],"collection":[{"href":"https:\/\/alexgrup.md\/ru\/wp-json\/wp\/v2\/pages"}],"about":[{"href":"https:\/\/alexgrup.md\/ru\/wp-json\/wp\/v2\/types\/page"}],"author":[{"embeddable":true,"href":"https:\/\/alexgrup.md\/ru\/wp-json\/wp\/v2\/users\/1"}],"replies":[{"embeddable":true,"href":"https:\/\/alexgrup.md\/ru\/wp-json\/wp\/v2\/comments?post=1329"}],"version-history":[{"count":0,"href":"https:\/\/alexgrup.md\/ru\/wp-json\/wp\/v2\/pages\/1329\/revisions"}],"wp:attachment":[{"href":"https:\/\/alexgrup.md\/ru\/wp-json\/wp\/v2\/media?parent=1329"}],"curies":[{"name":"wp","href":"https:\/\/api.w.org\/{rel}","templated":true}]}}