{"id":1198,"date":"2025-08-02T21:51:29","date_gmt":"2025-08-02T21:51:29","guid":{"rendered":"https:\/\/alexgrup.md\/product\/galeata-cu-maner-plastic-3-l\/"},"modified":"2025-08-02T21:51:29","modified_gmt":"2025-08-02T21:51:29","slug":"galeata-cu-maner-plastic-3-l","status":"publish","type":"product","link":"https:\/\/alexgrup.md\/en\/product\/galeata-cu-maner-plastic-3-l\/","title":{"rendered":"G\u0103leat\u0103 cu m\u00e2ner plastic \u2013 3 L"},"content":{"rendered":"","protected":false},"excerpt":{"rendered":"","protected":false},"featured_media":0,"template":"","meta":[],"product_brand":[],"product_cat":[172,160],"product_tag":[],"class_list":{"0":"post-1198","1":"product","2":"type-product","3":"status-publish","5":"product_cat-buckets-and-canisters","6":"product_cat-plastic-household-items","8":"first","9":"instock","10":"shipping-taxable","11":"purchasable","12":"product-type-simple"},"_links":{"self":[{"href":"https:\/\/alexgrup.md\/en\/wp-json\/wp\/v2\/product\/1198","targetHints":{"allow":["GET"]}}],"collection":[{"href":"https:\/\/alexgrup.md\/en\/wp-json\/wp\/v2\/product"}],"about":[{"href":"https:\/\/alexgrup.md\/en\/wp-json\/wp\/v2\/types\/product"}],"wp:attachment":[{"href":"https:\/\/alexgrup.md\/en\/wp-json\/wp\/v2\/media?parent=1198"}],"wp:term":[{"taxonomy":"product_brand","embeddable":true,"href":"https:\/\/alexgrup.md\/en\/wp-json\/wp\/v2\/product_brand?post=1198"},{"taxonomy":"product_cat","embeddable":true,"href":"https:\/\/alexgrup.md\/en\/wp-json\/wp\/v2\/product_cat?post=1198"},{"taxonomy":"product_tag","embeddable":true,"href":"https:\/\/alexgrup.md\/en\/wp-json\/wp\/v2\/product_tag?post=1198"}],"curies":[{"name":"wp","href":"https:\/\/api.w.org\/{rel}","templated":true}]}}