{"id":1162,"date":"2025-08-02T21:51:33","date_gmt":"2025-08-02T21:51:33","guid":{"rendered":"https:\/\/alexgrup.md\/product\/galeata-alba-din-plastic-22-l\/"},"modified":"2025-08-02T21:51:33","modified_gmt":"2025-08-02T21:51:33","slug":"galeata-alba-din-plastic-22-l","status":"publish","type":"product","link":"https:\/\/alexgrup.md\/en\/product\/galeata-alba-din-plastic-22-l\/","title":{"rendered":"G\u0103leat\u0103 alb\u0103 din plastic \u2013 22 L"},"content":{"rendered":"","protected":false},"excerpt":{"rendered":"","protected":false},"featured_media":1149,"template":"","meta":[],"product_brand":[],"product_cat":[172,160],"product_tag":[],"class_list":{"0":"post-1162","1":"product","2":"type-product","3":"status-publish","4":"has-post-thumbnail","6":"product_cat-buckets-and-canisters","7":"product_cat-plastic-household-items","9":"first","10":"instock","11":"shipping-taxable","12":"purchasable","13":"product-type-simple"},"_links":{"self":[{"href":"https:\/\/alexgrup.md\/en\/wp-json\/wp\/v2\/product\/1162","targetHints":{"allow":["GET"]}}],"collection":[{"href":"https:\/\/alexgrup.md\/en\/wp-json\/wp\/v2\/product"}],"about":[{"href":"https:\/\/alexgrup.md\/en\/wp-json\/wp\/v2\/types\/product"}],"wp:featuredmedia":[{"embeddable":true,"href":"https:\/\/alexgrup.md\/en\/wp-json\/wp\/v2\/media\/1149"}],"wp:attachment":[{"href":"https:\/\/alexgrup.md\/en\/wp-json\/wp\/v2\/media?parent=1162"}],"wp:term":[{"taxonomy":"product_brand","embeddable":true,"href":"https:\/\/alexgrup.md\/en\/wp-json\/wp\/v2\/product_brand?post=1162"},{"taxonomy":"product_cat","embeddable":true,"href":"https:\/\/alexgrup.md\/en\/wp-json\/wp\/v2\/product_cat?post=1162"},{"taxonomy":"product_tag","embeddable":true,"href":"https:\/\/alexgrup.md\/en\/wp-json\/wp\/v2\/product_tag?post=1162"}],"curies":[{"name":"wp","href":"https:\/\/api.w.org\/{rel}","templated":true}]}}